{"id":852,"date":"2024-09-18T07:23:43","date_gmt":"2024-09-18T07:23:43","guid":{"rendered":"https:\/\/backstrom.fi\/?page_id=852"},"modified":"2025-01-02T13:11:43","modified_gmt":"2025-01-02T11:11:43","slug":"intellectual-property-technology-and-media","status":"publish","type":"page","link":"https:\/\/backstrom.fi\/fi\/intellectual-property-technology-and-media\/","title":{"rendered":"Immateriaalioikeus, teknologia ja media"},"content":{"rendered":"<div data-elementor-type=\"wp-page\" data-elementor-id=\"852\" class=\"elementor elementor-852\" data-elementor-post-type=\"page\">\n\t\t\t\t<div class=\"elementor-element elementor-element-f543f4f animated-fast e-flex e-con-boxed elementor-invisible e-con e-parent\" data-id=\"f543f4f\" data-element_type=\"container\" data-settings=\"{&quot;background_background&quot;:&quot;classic&quot;,&quot;animation&quot;:&quot;fadeIn&quot;}\">\n\t\t\t\t\t<div class=\"e-con-inner\">\n\t\t\t\t<div class=\"elementor-element elementor-element-c36f4bd elementor-hidden-mobile elementor-invisible elementor-widget elementor-widget-text-editor\" data-id=\"c36f4bd\" data-element_type=\"widget\" data-settings=\"{&quot;_animation&quot;:&quot;fadeInUp&quot;}\" data-widget_type=\"text-editor.default\">\n\t\t\t\t<div class=\"elementor-widget-container\">\n\t\t\t\t\t\t\t\t\t<h2>Asianajopalvelua vahvalla<br \/>asiantuntemuksella ja tarkkuudella.<\/h2>\t\t\t\t\t\t\t\t<\/div>\n\t\t\t\t<\/div>\n\t\t\t\t\t<\/div>\n\t\t\t\t<\/div>\n\t\t<div class=\"elementor-element elementor-element-797385e e-flex e-con-boxed e-con e-parent\" data-id=\"797385e\" data-element_type=\"container\">\n\t\t\t\t\t<div class=\"e-con-inner\">\n\t\t<div class=\"elementor-element elementor-element-48c4fa0 e-con-full e-flex e-con e-child\" data-id=\"48c4fa0\" data-element_type=\"container\">\n\t\t\t\t<div class=\"elementor-element elementor-element-6e27e59 elementor-widget elementor-widget-heading\" data-id=\"6e27e59\" data-element_type=\"widget\" data-widget_type=\"heading.default\">\n\t\t\t\t<div class=\"elementor-widget-container\">\n\t\t\t\t\t<h2 class=\"elementor-heading-title elementor-size-default\">Immateriaalioikeus, teknologia ja media<\/h2>\t\t\t\t<\/div>\n\t\t\t\t<\/div>\n\t\t\t\t<div class=\"elementor-element elementor-element-9a11df3 elementor-widget elementor-widget-text-editor\" data-id=\"9a11df3\" data-element_type=\"widget\" data-widget_type=\"text-editor.default\">\n\t\t\t\t<div class=\"elementor-widget-container\">\n\t\t\t\t\t\t\t\t\t<p>Yritys tarjoaa palveluita kaikissa immateriaalioikeuksiin liittyviss\u00e4 asioissa, sek\u00e4 riidattomissa ett\u00e4 riitaisissa. Asiakkaita edustetaan usein markkinaoikeudessa koko immateriaalioikeuden riitakent\u00e4n laajuisissa asioissa kaikilla teknologian aloilla, erityisesti l\u00e4\u00e4keteollisuudessa. Patenttikiistat koskevat yleens\u00e4 turvaamistoimenpiteiden hakemista tai puolustamista niit\u00e4 vastaan, aikataulujen ollessa \u00e4\u00e4rimm\u00e4isen kiireellisi\u00e4.<\/p><p>Tavaramerkkien rekister\u00f6inti- ja vastustamismenettelyj\u00e4 k\u00e4sitell\u00e4\u00e4n ensimm\u00e4isess\u00e4 vaiheessa paikallisessa patentti- ja rekisterihallituksessa, kun taas markkinaoikeus k\u00e4sittelee asiaan liittyv\u00e4t valitusasiat. Yritys toimii my\u00f6s asiakkaidensa rekister\u00f6ityn\u00e4 edustajana Euroopan unionin immateriaalioikeusvirastossa (EUIPO) tavaramerkkien rekister\u00f6inti- ja vastustamismenettelyiss\u00e4. Yleisen immateriaalioikeudellisen neuvonnan lis\u00e4ksi yritys osallistuu aktiivisesti sopimusneuvotteluihin sek\u00e4 lisenssisopimusten ja muiden sopimusten laadintaan.<\/p>\t\t\t\t\t\t\t\t<\/div>\n\t\t\t\t<\/div>\n\t\t\t\t<\/div>\n\t\t\t\t\t<\/div>\n\t\t\t\t<\/div>\n\t\t\t\t<\/div>","protected":false},"excerpt":{"rendered":"<p>Professional service with firm expertise and accuracy. Intellectual property, technology and media The firm provides services in all intellectual property matters, both non-contentious and contentious. Clients are frequently represented in disputes before the Market Court relating to whole spectrum of contentious IP cases in all fields of technology, particularly in the field of pharmaceuticals. The [&hellip;]<\/p>\n","protected":false},"author":1,"featured_media":0,"parent":0,"menu_order":0,"comment_status":"closed","ping_status":"closed","template":"","meta":{"iawp_total_views":225,"footnotes":""},"class_list":["post-852","page","type-page","status-publish","hentry"],"_links":{"self":[{"href":"https:\/\/backstrom.fi\/fi\/wp-json\/wp\/v2\/pages\/852","targetHints":{"allow":["GET"]}}],"collection":[{"href":"https:\/\/backstrom.fi\/fi\/wp-json\/wp\/v2\/pages"}],"about":[{"href":"https:\/\/backstrom.fi\/fi\/wp-json\/wp\/v2\/types\/page"}],"author":[{"embeddable":true,"href":"https:\/\/backstrom.fi\/fi\/wp-json\/wp\/v2\/users\/1"}],"replies":[{"embeddable":true,"href":"https:\/\/backstrom.fi\/fi\/wp-json\/wp\/v2\/comments?post=852"}],"version-history":[{"count":0,"href":"https:\/\/backstrom.fi\/fi\/wp-json\/wp\/v2\/pages\/852\/revisions"}],"wp:attachment":[{"href":"https:\/\/backstrom.fi\/fi\/wp-json\/wp\/v2\/media?parent=852"}],"curies":[{"name":"wp","href":"https:\/\/api.w.org\/{rel}","templated":true}]}}