{"id":9,"date":"2024-06-27T09:46:51","date_gmt":"2024-06-27T09:46:51","guid":{"rendered":"https:\/\/backstrom.fi\/?page_id=9"},"modified":"2025-01-02T21:04:16","modified_gmt":"2025-01-02T19:04:16","slug":"home","status":"publish","type":"page","link":"http:\/\/backstrom.fi\/fi\/","title":{"rendered":"Etusivu"},"content":{"rendered":"<div data-elementor-type=\"wp-page\" data-elementor-id=\"9\" class=\"elementor elementor-9\" data-elementor-post-type=\"page\">\n\t\t\t\t<div class=\"elementor-element elementor-element-f543f4f animated-fast e-flex e-con-boxed elementor-invisible e-con e-parent\" data-id=\"f543f4f\" data-element_type=\"container\" data-settings=\"{&quot;background_background&quot;:&quot;classic&quot;,&quot;animation&quot;:&quot;fadeIn&quot;}\">\n\t\t\t\t\t<div class=\"e-con-inner\">\n\t\t\t\t<div class=\"elementor-element elementor-element-1f864c1 animated-slow elementor-hidden-mobile elementor-invisible elementor-widget elementor-widget-image\" data-id=\"1f864c1\" data-element_type=\"widget\" data-settings=\"{&quot;_animation&quot;:&quot;fadeIn&quot;,&quot;_animation_delay&quot;:500}\" data-widget_type=\"image.default\">\n\t\t\t\t<div class=\"elementor-widget-container\">\n\t\t\t\t\t\t\t\t\t\t\t\t\t\t\t<img fetchpriority=\"high\" decoding=\"async\" width=\"768\" height=\"165\" src=\"https:\/\/backstrom.fi\/wp-content\/uploads\/2024\/08\/BackstromCo-logo-768x165.png\" class=\"attachment-medium_large size-medium_large wp-image-70\" alt=\"BackstromCo-logo\" srcset=\"https:\/\/backstrom.fi\/wp-content\/uploads\/2024\/08\/BackstromCo-logo-768x165.png 768w, https:\/\/backstrom.fi\/wp-content\/uploads\/2024\/08\/BackstromCo-logo-300x64.png 300w, https:\/\/backstrom.fi\/wp-content\/uploads\/2024\/08\/BackstromCo-logo-1024x219.png 1024w, https:\/\/backstrom.fi\/wp-content\/uploads\/2024\/08\/BackstromCo-logo.png 1260w\" sizes=\"(max-width: 768px) 100vw, 768px\" \/>\t\t\t\t\t\t\t\t\t\t\t\t\t\t\t<\/div>\n\t\t\t\t<\/div>\n\t\t\t\t\t<\/div>\n\t\t\t\t<\/div>\n\t\t<div class=\"elementor-element elementor-element-dec9151 e-flex e-con-boxed e-con e-parent\" data-id=\"dec9151\" data-element_type=\"container\">\n\t\t\t\t\t<div class=\"e-con-inner\">\n\t\t\t\t<div class=\"elementor-element elementor-element-301bc5f elementor-widget elementor-widget-text-editor\" data-id=\"301bc5f\" data-element_type=\"widget\" data-widget_type=\"text-editor.default\">\n\t\t\t\t<div class=\"elementor-widget-container\">\n\t\t\t\t\t\t\t\t\t<p style=\"text-align: center;\">Yhti\u00f6mme on toimintansa aikana saavuttanut vakiintuneen aseman eturivin asianajotoimistona<br \/>ja on erityisesti tullut tunnetuksi immateriaalioikeuden ja riidanratkaisun erityisosaajana.<br \/>Yksi t\u00e4rkeimmist\u00e4 periaatteistamme on henkil\u00f6kohtainen ja vastuullinen asiakasty\u00f6 kaikissa tilanteissa.<\/p>\t\t\t\t\t\t\t\t<\/div>\n\t\t\t\t<\/div>\n\t\t\t\t\t<\/div>\n\t\t\t\t<\/div>\n\t\t\t\t<\/div>","protected":false},"excerpt":{"rendered":"<p>Over the years Backstr\u00f6m &amp; Co has achieved an established position as afront-ranking law firm and has particularly gained recognition on itsexpertise in intellectual property law and dispute resolution.<\/p>","protected":false},"author":1,"featured_media":0,"parent":0,"menu_order":0,"comment_status":"closed","ping_status":"closed","template":"","meta":{"iawp_total_views":2897,"footnotes":""},"class_list":["post-9","page","type-page","status-publish","hentry"],"_links":{"self":[{"href":"http:\/\/backstrom.fi\/fi\/wp-json\/wp\/v2\/pages\/9","targetHints":{"allow":["GET"]}}],"collection":[{"href":"http:\/\/backstrom.fi\/fi\/wp-json\/wp\/v2\/pages"}],"about":[{"href":"http:\/\/backstrom.fi\/fi\/wp-json\/wp\/v2\/types\/page"}],"author":[{"embeddable":true,"href":"http:\/\/backstrom.fi\/fi\/wp-json\/wp\/v2\/users\/1"}],"replies":[{"embeddable":true,"href":"http:\/\/backstrom.fi\/fi\/wp-json\/wp\/v2\/comments?post=9"}],"version-history":[{"count":0,"href":"http:\/\/backstrom.fi\/fi\/wp-json\/wp\/v2\/pages\/9\/revisions"}],"wp:attachment":[{"href":"http:\/\/backstrom.fi\/fi\/wp-json\/wp\/v2\/media?parent=9"}],"curies":[{"name":"wp","href":"https:\/\/api.w.org\/{rel}","templated":true}]}}